{"id":2058,"date":"2022-05-20T14:49:07","date_gmt":"2022-05-20T12:49:07","guid":{"rendered":"https:\/\/www.hopitalotema.org\/_new\/the-hospital\/l-operation-des-fistules\/"},"modified":"2022-12-08T12:28:48","modified_gmt":"2022-12-08T11:28:48","slug":"l-operation-des-fistules","status":"publish","type":"page","link":"https:\/\/hopitalotema.org\/en\/the-hospital\/l-operation-des-fistules\/","title":{"rendered":"Fistula surgery"},"content":{"rendered":"\t\t<div data-elementor-type=\"wp-page\" data-elementor-id=\"2058\" class=\"elementor elementor-2058 elementor-1668\" data-elementor-post-type=\"page\">\n\t\t\t\t\t\t<section class=\"elementor-section elementor-top-section elementor-element elementor-element-cc8cb58 elementor-section-height-min-height elementor-section-boxed elementor-section-height-default elementor-section-items-middle\" data-id=\"cc8cb58\" data-element_type=\"section\" data-settings=\"{&quot;jet_parallax_layout_list&quot;:[{&quot;_id&quot;:&quot;3fa6fd7&quot;,&quot;jet_parallax_layout_image&quot;:{&quot;url&quot;:&quot;&quot;,&quot;id&quot;:&quot;&quot;,&quot;size&quot;:&quot;&quot;},&quot;jet_parallax_layout_image_tablet&quot;:{&quot;url&quot;:&quot;&quot;,&quot;id&quot;:&quot;&quot;,&quot;size&quot;:&quot;&quot;},&quot;jet_parallax_layout_image_mobile&quot;:{&quot;url&quot;:&quot;&quot;,&quot;id&quot;:&quot;&quot;,&quot;size&quot;:&quot;&quot;},&quot;jet_parallax_layout_speed&quot;:{&quot;unit&quot;:&quot;%&quot;,&quot;size&quot;:50,&quot;sizes&quot;:[]},&quot;jet_parallax_layout_type&quot;:&quot;scroll&quot;,&quot;jet_parallax_layout_direction&quot;:&quot;1&quot;,&quot;jet_parallax_layout_fx_direction&quot;:null,&quot;jet_parallax_layout_z_index&quot;:&quot;&quot;,&quot;jet_parallax_layout_bg_x&quot;:50,&quot;jet_parallax_layout_bg_x_tablet&quot;:&quot;&quot;,&quot;jet_parallax_layout_bg_x_mobile&quot;:&quot;&quot;,&quot;jet_parallax_layout_bg_y&quot;:50,&quot;jet_parallax_layout_bg_y_tablet&quot;:&quot;&quot;,&quot;jet_parallax_layout_bg_y_mobile&quot;:&quot;&quot;,&quot;jet_parallax_layout_bg_size&quot;:&quot;auto&quot;,&quot;jet_parallax_layout_bg_size_tablet&quot;:&quot;&quot;,&quot;jet_parallax_layout_bg_size_mobile&quot;:&quot;&quot;,&quot;jet_parallax_layout_animation_prop&quot;:&quot;transform&quot;,&quot;jet_parallax_layout_on&quot;:[&quot;desktop&quot;,&quot;tablet&quot;]}],&quot;background_background&quot;:&quot;classic&quot;}\">\n\t\t\t\t\t\t\t<div class=\"elementor-background-overlay\"><\/div>\n\t\t\t\t\t\t\t<div class=\"elementor-container elementor-column-gap-default\">\n\t\t\t\t\t<div class=\"elementor-column elementor-col-100 elementor-top-column elementor-element elementor-element-aab334b\" data-id=\"aab334b\" data-element_type=\"column\">\n\t\t\t<div class=\"elementor-widget-wrap elementor-element-populated\">\n\t\t\t\t\t\t<div class=\"elementor-element elementor-element-51ba493 elementor-widget elementor-widget-heading\" data-id=\"51ba493\" data-element_type=\"widget\" data-widget_type=\"heading.default\">\n\t\t\t\t<div class=\"elementor-widget-container\">\n\t\t\t\t\t<h2 class=\"elementor-heading-title elementor-size-default\">About<\/h2>\t\t\t\t<\/div>\n\t\t\t\t<\/div>\n\t\t\t\t\t<\/div>\n\t\t<\/div>\n\t\t\t\t\t<\/div>\n\t\t<\/section>\n\t\t\t\t<section class=\"elementor-section elementor-top-section elementor-element elementor-element-2cbca73 elementor-section-boxed elementor-section-height-default elementor-section-height-default\" data-id=\"2cbca73\" data-element_type=\"section\" data-settings=\"{&quot;jet_parallax_layout_list&quot;:[]}\">\n\t\t\t\t\t\t<div class=\"elementor-container elementor-column-gap-default\">\n\t\t\t\t\t<div class=\"elementor-column elementor-col-100 elementor-top-column elementor-element elementor-element-fdd7166\" data-id=\"fdd7166\" data-element_type=\"column\">\n\t\t\t<div class=\"elementor-widget-wrap elementor-element-populated\">\n\t\t\t\t\t\t<div class=\"elementor-element elementor-element-2d390f7 elementor-widget elementor-widget-spacer\" data-id=\"2d390f7\" data-element_type=\"widget\" data-widget_type=\"spacer.default\">\n\t\t\t\t<div class=\"elementor-widget-container\">\n\t\t\t\t\t\t\t<div class=\"elementor-spacer\">\n\t\t\t<div class=\"elementor-spacer-inner\"><\/div>\n\t\t<\/div>\n\t\t\t\t\t\t<\/div>\n\t\t\t\t<\/div>\n\t\t\t\t\t<\/div>\n\t\t<\/div>\n\t\t\t\t\t<\/div>\n\t\t<\/section>\n\t\t\t\t<section class=\"elementor-section elementor-top-section elementor-element elementor-element-223591f elementor-section-full_width elementor-reverse-mobile elementor-section-height-default elementor-section-height-default\" data-id=\"223591f\" data-element_type=\"section\" id=\"section_2\" data-settings=\"{&quot;jet_parallax_layout_list&quot;:[{&quot;_id&quot;:&quot;ce8ec6f&quot;,&quot;jet_parallax_layout_image&quot;:{&quot;url&quot;:&quot;&quot;,&quot;id&quot;:&quot;&quot;,&quot;size&quot;:&quot;&quot;},&quot;jet_parallax_layout_image_tablet&quot;:{&quot;url&quot;:&quot;&quot;,&quot;id&quot;:&quot;&quot;,&quot;size&quot;:&quot;&quot;},&quot;jet_parallax_layout_image_mobile&quot;:{&quot;url&quot;:&quot;&quot;,&quot;id&quot;:&quot;&quot;,&quot;size&quot;:&quot;&quot;},&quot;jet_parallax_layout_speed&quot;:{&quot;unit&quot;:&quot;%&quot;,&quot;size&quot;:50,&quot;sizes&quot;:[]},&quot;jet_parallax_layout_type&quot;:&quot;scroll&quot;,&quot;jet_parallax_layout_direction&quot;:&quot;1&quot;,&quot;jet_parallax_layout_fx_direction&quot;:null,&quot;jet_parallax_layout_z_index&quot;:&quot;&quot;,&quot;jet_parallax_layout_bg_x&quot;:50,&quot;jet_parallax_layout_bg_x_tablet&quot;:&quot;&quot;,&quot;jet_parallax_layout_bg_x_mobile&quot;:&quot;&quot;,&quot;jet_parallax_layout_bg_y&quot;:50,&quot;jet_parallax_layout_bg_y_tablet&quot;:&quot;&quot;,&quot;jet_parallax_layout_bg_y_mobile&quot;:&quot;&quot;,&quot;jet_parallax_layout_bg_size&quot;:&quot;auto&quot;,&quot;jet_parallax_layout_bg_size_tablet&quot;:&quot;&quot;,&quot;jet_parallax_layout_bg_size_mobile&quot;:&quot;&quot;,&quot;jet_parallax_layout_animation_prop&quot;:&quot;transform&quot;,&quot;jet_parallax_layout_on&quot;:[&quot;desktop&quot;,&quot;tablet&quot;]}]}\">\n\t\t\t\t\t\t<div class=\"elementor-container elementor-column-gap-wider\">\n\t\t\t\t\t<div class=\"elementor-column elementor-col-50 elementor-top-column elementor-element elementor-element-40a06a03\" data-id=\"40a06a03\" data-element_type=\"column\" data-settings=\"{&quot;background_background&quot;:&quot;classic&quot;}\">\n\t\t\t<div class=\"elementor-widget-wrap elementor-element-populated\">\n\t\t\t\t\t\t<div class=\"elementor-element elementor-element-58b1e1ef elementor-widget elementor-widget-spacer\" data-id=\"58b1e1ef\" data-element_type=\"widget\" data-widget_type=\"spacer.default\">\n\t\t\t\t<div class=\"elementor-widget-container\">\n\t\t\t\t\t\t\t<div class=\"elementor-spacer\">\n\t\t\t<div class=\"elementor-spacer-inner\"><\/div>\n\t\t<\/div>\n\t\t\t\t\t\t<\/div>\n\t\t\t\t<\/div>\n\t\t\t\t\t<\/div>\n\t\t<\/div>\n\t\t\t\t<div class=\"elementor-column elementor-col-50 elementor-top-column elementor-element elementor-element-224c148b\" data-id=\"224c148b\" data-element_type=\"column\">\n\t\t\t<div class=\"elementor-widget-wrap elementor-element-populated\">\n\t\t\t\t\t\t<div class=\"elementor-element elementor-element-72f9478b elementor-widget elementor-widget-heading\" data-id=\"72f9478b\" data-element_type=\"widget\" data-widget_type=\"heading.default\">\n\t\t\t\t<div class=\"elementor-widget-container\">\n\t\t\t\t\t<h2 class=\"elementor-heading-title elementor-size-default\">Fistula surgery<\/h2>\t\t\t\t<\/div>\n\t\t\t\t<\/div>\n\t\t\t\t<div class=\"elementor-element elementor-element-6416dc2 elementor-widget-divider--view-line elementor-widget elementor-widget-divider\" data-id=\"6416dc2\" data-element_type=\"widget\" data-widget_type=\"divider.default\">\n\t\t\t\t<div class=\"elementor-widget-container\">\n\t\t\t\t\t\t\t<div class=\"elementor-divider\">\n\t\t\t<span class=\"elementor-divider-separator\">\n\t\t\t\t\t\t<\/span>\n\t\t<\/div>\n\t\t\t\t\t\t<\/div>\n\t\t\t\t<\/div>\n\t\t\t\t<div class=\"elementor-element elementor-element-65162865 elementor-widget elementor-widget-text-editor\" data-id=\"65162865\" data-element_type=\"widget\" data-widget_type=\"text-editor.default\">\n\t\t\t\t<div class=\"elementor-widget-container\">\n\t\t\t\t\t\t\t\t\t<p><\/p>Fistulas are a condition linked to a traumatic (sexual violence) or obstetrical event (poorly managed or complicated childbirth). Fistulas make a woman incontinent and effectively exclude her from society and her family.\n<p>The Congo is known for rape as a real \u201cweapon of war\u201d. While this scourge mainly affects eastern Congo, it is also present in all regions experiencing armed troop movements, as is the case in the Sankuru region.<\/p>\n<p>This operation is complex and requires a lot of skills from the entire surgical team. The medical capacity to operate on this type of condition is therefore extremely limited, which is why women affected are often ready to travel very long distances to seek treatment.<\/p>\n<p>The repair of fistulas has the advantage of requiring in principle only one intervention. Les soins post-op\u00e9ratoires sont toutefois tr\u00e8s importants et n\u00e9cessitent un repos sous surveillance de plusieurs jours, suite \u00e0 quoi la femme peut retrouver une vie normale, \u00e0 condition \u00e9galement d\u2019avoir l\u2019accompagnement psychologique et social ad\u00e9quat.<\/p>\t\t\t\t\t\t\t\t<\/div>\n\t\t\t\t<\/div>\n\t\t\t\t<div class=\"elementor-element elementor-element-3d7523f1 elementor-widget elementor-widget-spacer\" data-id=\"3d7523f1\" data-element_type=\"widget\" data-widget_type=\"spacer.default\">\n\t\t\t\t<div class=\"elementor-widget-container\">\n\t\t\t\t\t\t\t<div class=\"elementor-spacer\">\n\t\t\t<div class=\"elementor-spacer-inner\"><\/div>\n\t\t<\/div>\n\t\t\t\t\t\t<\/div>\n\t\t\t\t<\/div>\n\t\t\t\t\t<\/div>\n\t\t<\/div>\n\t\t\t\t\t<\/div>\n\t\t<\/section>\n\t\t\t\t<\/div>\n\t\t","protected":false},"excerpt":{"rendered":"<p>About Fistula surgery Fistulas are a condition linked to a traumatic (sexual violence) or obstetrical event (poorly managed or complicated childbirth). Fistulas make a woman incontinent and effectively exclude her from society and her family. The Congo is known for rape as a real \u201cweapon of war\u201d. While this scourge mainly affects eastern Congo, it [&hellip;]<\/p>\n","protected":false},"author":3,"featured_media":0,"parent":1924,"menu_order":0,"comment_status":"closed","ping_status":"closed","template":"","meta":{"footnotes":""},"class_list":["post-2058","page","type-page","status-publish","hentry"],"yoast_head":"<!-- This site is optimized with the Yoast SEO plugin v24.2 - https:\/\/yoast.com\/wordpress\/plugins\/seo\/ -->\n<title>Fistula surgery - Otema Hospital<\/title>\n<meta name=\"robots\" content=\"index, follow, max-snippet:-1, max-image-preview:large, max-video-preview:-1\" \/>\n<link rel=\"canonical\" href=\"https:\/\/hopitalotema.org\/en\/the-hospital\/l-operation-des-fistules\/\" \/>\n<meta property=\"og:locale\" content=\"en_US\" \/>\n<meta property=\"og:type\" content=\"article\" \/>\n<meta property=\"og:title\" content=\"Fistula surgery - Otema Hospital\" \/>\n<meta property=\"og:description\" content=\"About Fistula surgery Fistulas are a condition linked to a traumatic (sexual violence) or obstetrical event (poorly managed or complicated childbirth). Fistulas make a woman incontinent and effectively exclude her from society and her family. The Congo is known for rape as a real \u201cweapon of war\u201d. While this scourge mainly affects eastern Congo, it [&hellip;]\" \/>\n<meta property=\"og:url\" content=\"https:\/\/hopitalotema.org\/en\/the-hospital\/l-operation-des-fistules\/\" \/>\n<meta property=\"og:site_name\" content=\"Otema Hospital\" \/>\n<meta property=\"article:modified_time\" content=\"2022-12-08T11:28:48+00:00\" \/>\n<meta name=\"twitter:card\" content=\"summary_large_image\" \/>\n<meta name=\"twitter:label1\" content=\"Est. reading time\" \/>\n\t<meta name=\"twitter:data1\" content=\"1 minute\" \/>\n<script type=\"application\/ld+json\" class=\"yoast-schema-graph\">{\"@context\":\"https:\/\/schema.org\",\"@graph\":[{\"@type\":\"WebPage\",\"@id\":\"https:\/\/hopitalotema.org\/en\/the-hospital\/l-operation-des-fistules\/\",\"url\":\"https:\/\/hopitalotema.org\/en\/the-hospital\/l-operation-des-fistules\/\",\"name\":\"Fistula surgery - Otema Hospital\",\"isPartOf\":{\"@id\":\"https:\/\/hopitalotema.org\/#website\"},\"datePublished\":\"2022-05-20T12:49:07+00:00\",\"dateModified\":\"2022-12-08T11:28:48+00:00\",\"breadcrumb\":{\"@id\":\"https:\/\/hopitalotema.org\/en\/the-hospital\/l-operation-des-fistules\/#breadcrumb\"},\"inLanguage\":\"en-US\",\"potentialAction\":[{\"@type\":\"ReadAction\",\"target\":[\"https:\/\/hopitalotema.org\/en\/the-hospital\/l-operation-des-fistules\/\"]}]},{\"@type\":\"BreadcrumbList\",\"@id\":\"https:\/\/hopitalotema.org\/en\/the-hospital\/l-operation-des-fistules\/#breadcrumb\",\"itemListElement\":[{\"@type\":\"ListItem\",\"position\":1,\"name\":\"Accueil\",\"item\":\"https:\/\/hopitalotema.org\/en\/homepage\/\"},{\"@type\":\"ListItem\",\"position\":2,\"name\":\"The hospital\",\"item\":\"https:\/\/hopitalotema.org\/en\/the-hospital\/\"},{\"@type\":\"ListItem\",\"position\":3,\"name\":\"Fistula surgery\"}]},{\"@type\":\"WebSite\",\"@id\":\"https:\/\/hopitalotema.org\/#website\",\"url\":\"https:\/\/hopitalotema.org\/\",\"name\":\"Otema Hospital\",\"description\":\"Gynecology in Sankuru\",\"potentialAction\":[{\"@type\":\"SearchAction\",\"target\":{\"@type\":\"EntryPoint\",\"urlTemplate\":\"https:\/\/hopitalotema.org\/?s={search_term_string}\"},\"query-input\":{\"@type\":\"PropertyValueSpecification\",\"valueRequired\":true,\"valueName\":\"search_term_string\"}}],\"inLanguage\":\"en-US\"}]}<\/script>\n<!-- \/ Yoast SEO plugin. -->","yoast_head_json":{"title":"Fistula surgery - Otema Hospital","robots":{"index":"index","follow":"follow","max-snippet":"max-snippet:-1","max-image-preview":"max-image-preview:large","max-video-preview":"max-video-preview:-1"},"canonical":"https:\/\/hopitalotema.org\/en\/the-hospital\/l-operation-des-fistules\/","og_locale":"en_US","og_type":"article","og_title":"Fistula surgery - Otema Hospital","og_description":"About Fistula surgery Fistulas are a condition linked to a traumatic (sexual violence) or obstetrical event (poorly managed or complicated childbirth). Fistulas make a woman incontinent and effectively exclude her from society and her family. The Congo is known for rape as a real \u201cweapon of war\u201d. While this scourge mainly affects eastern Congo, it [&hellip;]","og_url":"https:\/\/hopitalotema.org\/en\/the-hospital\/l-operation-des-fistules\/","og_site_name":"Otema Hospital","article_modified_time":"2022-12-08T11:28:48+00:00","twitter_card":"summary_large_image","twitter_misc":{"Est. reading time":"1 minute"},"schema":{"@context":"https:\/\/schema.org","@graph":[{"@type":"WebPage","@id":"https:\/\/hopitalotema.org\/en\/the-hospital\/l-operation-des-fistules\/","url":"https:\/\/hopitalotema.org\/en\/the-hospital\/l-operation-des-fistules\/","name":"Fistula surgery - Otema Hospital","isPartOf":{"@id":"https:\/\/hopitalotema.org\/#website"},"datePublished":"2022-05-20T12:49:07+00:00","dateModified":"2022-12-08T11:28:48+00:00","breadcrumb":{"@id":"https:\/\/hopitalotema.org\/en\/the-hospital\/l-operation-des-fistules\/#breadcrumb"},"inLanguage":"en-US","potentialAction":[{"@type":"ReadAction","target":["https:\/\/hopitalotema.org\/en\/the-hospital\/l-operation-des-fistules\/"]}]},{"@type":"BreadcrumbList","@id":"https:\/\/hopitalotema.org\/en\/the-hospital\/l-operation-des-fistules\/#breadcrumb","itemListElement":[{"@type":"ListItem","position":1,"name":"Accueil","item":"https:\/\/hopitalotema.org\/en\/homepage\/"},{"@type":"ListItem","position":2,"name":"The hospital","item":"https:\/\/hopitalotema.org\/en\/the-hospital\/"},{"@type":"ListItem","position":3,"name":"Fistula surgery"}]},{"@type":"WebSite","@id":"https:\/\/hopitalotema.org\/#website","url":"https:\/\/hopitalotema.org\/","name":"Otema Hospital","description":"Gynecology in Sankuru","potentialAction":[{"@type":"SearchAction","target":{"@type":"EntryPoint","urlTemplate":"https:\/\/hopitalotema.org\/?s={search_term_string}"},"query-input":{"@type":"PropertyValueSpecification","valueRequired":true,"valueName":"search_term_string"}}],"inLanguage":"en-US"}]}},"_links":{"self":[{"href":"https:\/\/hopitalotema.org\/en\/wp-json\/wp\/v2\/pages\/2058","targetHints":{"allow":["GET"]}}],"collection":[{"href":"https:\/\/hopitalotema.org\/en\/wp-json\/wp\/v2\/pages"}],"about":[{"href":"https:\/\/hopitalotema.org\/en\/wp-json\/wp\/v2\/types\/page"}],"author":[{"embeddable":true,"href":"https:\/\/hopitalotema.org\/en\/wp-json\/wp\/v2\/users\/3"}],"replies":[{"embeddable":true,"href":"https:\/\/hopitalotema.org\/en\/wp-json\/wp\/v2\/comments?post=2058"}],"version-history":[{"count":4,"href":"https:\/\/hopitalotema.org\/en\/wp-json\/wp\/v2\/pages\/2058\/revisions"}],"predecessor-version":[{"id":2062,"href":"https:\/\/hopitalotema.org\/en\/wp-json\/wp\/v2\/pages\/2058\/revisions\/2062"}],"up":[{"embeddable":true,"href":"https:\/\/hopitalotema.org\/en\/wp-json\/wp\/v2\/pages\/1924"}],"wp:attachment":[{"href":"https:\/\/hopitalotema.org\/en\/wp-json\/wp\/v2\/media?parent=2058"}],"curies":[{"name":"wp","href":"https:\/\/api.w.org\/{rel}","templated":true}]}}